{"id":7574,"date":"2025-12-15T02:58:34","date_gmt":"2025-12-15T01:58:34","guid":{"rendered":"https:\/\/wordpress-403092-6062885.cloudwaysapps.com\/job-categories\/"},"modified":"2025-12-15T02:58:34","modified_gmt":"2025-12-15T01:58:34","slug":"job-categories","status":"publish","type":"page","link":"https:\/\/jobimpact.ca\/en\/job-categories\/","title":{"rendered":"Job Categories"},"content":{"rendered":"\t\t<div data-elementor-type=\"wp-page\" data-elementor-id=\"7574\" class=\"elementor elementor-7574 elementor-7227\">\n\t\t\t\t<div class=\"elementor-element elementor-element-bc12ead e-flex e-con-boxed e-con e-parent\" data-id=\"bc12ead\" data-element_type=\"container\" data-e-type=\"container\">\n\t\t\t\t\t<div class=\"e-con-inner\">\n\t\t\t\t<div class=\"elementor-element elementor-element-eaf339a elementor-widget elementor-widget-workscout-taxonomy-grid\" data-id=\"eaf339a\" data-element_type=\"widget\" data-e-type=\"widget\" data-widget_type=\"workscout-taxonomy-grid.default\">\n\t\t\t\t<div class=\"elementor-widget-container\">\n\t\t\t\t\t\n\t\t\t<div class=\"categories-container\">\n\n\t\t\t\t<!-- Item -->\n\t\t\t\t\t\t\t\t\t<a href=\"https:\/\/jobimpact.ca\/en\/job-category\/agriculture-en\/\" class=\"new-category-box\">\n\t\t\t\t\t\t<div class=\"category-box-icon\">\n\t\t\t\t\t\t\t\t\t\t\t\t\t\t\t\t\t<i class=\"fa fa-globe\"><\/i>\n\t\t\t\t\t\t\t\t\t\t\t\t\t\t\t<\/div>\n\t\t\t\t\t\t <div class=\"category-box-counter counter\">0<\/div>\t\t\t\t\t\t<div class=\"category-box-content\">\n\t\t\t\t\t\t\t<h3>Agriculture<\/h3>\n\t\t\t\t\t\t<\/div>\n\t\t\t\t\t<\/a>\n\n\t\t\t\t\t\t\t\t\t<a href=\"https:\/\/jobimpact.ca\/en\/job-category\/art\/\" class=\"new-category-box\">\n\t\t\t\t\t\t<div class=\"category-box-icon\">\n\t\t\t\t\t\t\t\t\t\t\t\t\t\t\t\t\t<i class=\"fa fa-globe\"><\/i>\n\t\t\t\t\t\t\t\t\t\t\t\t\t\t\t<\/div>\n\t\t\t\t\t\t <div class=\"category-box-counter counter\">1<\/div>\t\t\t\t\t\t<div class=\"category-box-content\">\n\t\t\t\t\t\t\t<h3>Arts and Culture<\/h3>\n\t\t\t\t\t\t<\/div>\n\t\t\t\t\t<\/a>\n\n\t\t\t\t\t\t\t\t\t<a href=\"https:\/\/jobimpact.ca\/en\/job-category\/communication\/\" class=\"new-category-box\">\n\t\t\t\t\t\t<div class=\"category-box-icon\">\n\t\t\t\t\t\t\t\t\t\t\t\t\t\t\t\t\t<i class=\"fa fa-globe\"><\/i>\n\t\t\t\t\t\t\t\t\t\t\t\t\t\t\t<\/div>\n\t\t\t\t\t\t <div class=\"category-box-counter counter\">9<\/div>\t\t\t\t\t\t<div class=\"category-box-content\">\n\t\t\t\t\t\t\t<h3>Communications<\/h3>\n\t\t\t\t\t\t<\/div>\n\t\t\t\t\t<\/a>\n\n\t\t\t\t\t\t\t\t\t<a href=\"https:\/\/jobimpact.ca\/en\/job-category\/community\/\" class=\"new-category-box\">\n\t\t\t\t\t\t<div class=\"category-box-icon\">\n\t\t\t\t\t\t\t\t\t\t\t\t\t\t\t\t\t<i class=\"fa fa-globe\"><\/i>\n\t\t\t\t\t\t\t\t\t\t\t\t\t\t\t<\/div>\n\t\t\t\t\t\t <div class=\"category-box-counter counter\">27<\/div>\t\t\t\t\t\t<div class=\"category-box-content\">\n\t\t\t\t\t\t\t<h3>Community Services<\/h3>\n\t\t\t\t\t\t<\/div>\n\t\t\t\t\t<\/a>\n\n\t\t\t\t\t\t\t\t\t<a href=\"https:\/\/jobimpact.ca\/en\/job-category\/customer-service\/\" class=\"new-category-box\">\n\t\t\t\t\t\t<div class=\"category-box-icon\">\n\t\t\t\t\t\t\t\t\t\t\t\t\t\t\t\t\t<i class=\"fa fa-globe\"><\/i>\n\t\t\t\t\t\t\t\t\t\t\t\t\t\t\t<\/div>\n\t\t\t\t\t\t <div class=\"category-box-counter counter\">7<\/div>\t\t\t\t\t\t<div class=\"category-box-content\">\n\t\t\t\t\t\t\t<h3>Customer service<\/h3>\n\t\t\t\t\t\t<\/div>\n\t\t\t\t\t<\/a>\n\n\t\t\t\t\t\t\t\t\t<a href=\"https:\/\/jobimpact.ca\/en\/job-category\/education\/\" class=\"new-category-box\">\n\t\t\t\t\t\t<div class=\"category-box-icon\">\n\t\t\t\t\t\t\t\t\t\t\t\t\t\t\t\t\t<i class=\"fa fa-globe\"><\/i>\n\t\t\t\t\t\t\t\t\t\t\t\t\t\t\t<\/div>\n\t\t\t\t\t\t <div class=\"category-box-counter counter\">15<\/div>\t\t\t\t\t\t<div class=\"category-box-content\">\n\t\t\t\t\t\t\t<h3>Education<\/h3>\n\t\t\t\t\t\t<\/div>\n\t\t\t\t\t<\/a>\n\n\t\t\t\t\t\t\t\t\t<a href=\"https:\/\/jobimpact.ca\/en\/job-category\/engineering\/\" class=\"new-category-box\">\n\t\t\t\t\t\t<div class=\"category-box-icon\">\n\t\t\t\t\t\t\t\t\t\t\t\t\t\t\t\t\t<i class=\"fa fa-globe\"><\/i>\n\t\t\t\t\t\t\t\t\t\t\t\t\t\t\t<\/div>\n\t\t\t\t\t\t <div class=\"category-box-counter counter\">0<\/div>\t\t\t\t\t\t<div class=\"category-box-content\">\n\t\t\t\t\t\t\t<h3>Engineering<\/h3>\n\t\t\t\t\t\t<\/div>\n\t\t\t\t\t<\/a>\n\n\t\t\t\t\t\t\t\t\t<a href=\"https:\/\/jobimpact.ca\/en\/job-category\/finance\/\" class=\"new-category-box\">\n\t\t\t\t\t\t<div class=\"category-box-icon\">\n\t\t\t\t\t\t\t\t\t\t\t\t\t\t\t\t\t<i class=\"fa fa-globe\"><\/i>\n\t\t\t\t\t\t\t\t\t\t\t\t\t\t\t<\/div>\n\t\t\t\t\t\t <div class=\"category-box-counter counter\">8<\/div>\t\t\t\t\t\t<div class=\"category-box-content\">\n\t\t\t\t\t\t\t<h3>Financial Services &amp; Insurance<\/h3>\n\t\t\t\t\t\t<\/div>\n\t\t\t\t\t<\/a>\n\n\t\t\t\t\t\t\t\t\t<a href=\"https:\/\/jobimpact.ca\/en\/job-category\/health\/\" class=\"new-category-box\">\n\t\t\t\t\t\t<div class=\"category-box-icon\">\n\t\t\t\t\t\t\t\t\t\t\t\t\t\t\t\t\t<i class=\"fa fa-globe\"><\/i>\n\t\t\t\t\t\t\t\t\t\t\t\t\t\t\t<\/div>\n\t\t\t\t\t\t <div class=\"category-box-counter counter\">11<\/div>\t\t\t\t\t\t<div class=\"category-box-content\">\n\t\t\t\t\t\t\t<h3>Health<\/h3>\n\t\t\t\t\t\t<\/div>\n\t\t\t\t\t<\/a>\n\n\t\t\t\t\t\t\t\t\t<a href=\"https:\/\/jobimpact.ca\/en\/job-category\/information-technology\/\" class=\"new-category-box\">\n\t\t\t\t\t\t<div class=\"category-box-icon\">\n\t\t\t\t\t\t\t\t\t\t\t\t\t\t\t\t\t<i class=\"fa fa-globe\"><\/i>\n\t\t\t\t\t\t\t\t\t\t\t\t\t\t\t<\/div>\n\t\t\t\t\t\t <div class=\"category-box-counter counter\">3<\/div>\t\t\t\t\t\t<div class=\"category-box-content\">\n\t\t\t\t\t\t\t<h3>Information and Technology<\/h3>\n\t\t\t\t\t\t<\/div>\n\t\t\t\t\t<\/a>\n\n\t\t\t\t\t\t\t\t\t<a href=\"https:\/\/jobimpact.ca\/en\/job-category\/law\/\" class=\"new-category-box\">\n\t\t\t\t\t\t<div class=\"category-box-icon\">\n\t\t\t\t\t\t\t\t\t\t\t\t\t\t\t\t\t<i class=\"fa fa-globe\"><\/i>\n\t\t\t\t\t\t\t\t\t\t\t\t\t\t\t<\/div>\n\t\t\t\t\t\t <div class=\"category-box-counter counter\">0<\/div>\t\t\t\t\t\t<div class=\"category-box-content\">\n\t\t\t\t\t\t\t<h3>Legal<\/h3>\n\t\t\t\t\t\t<\/div>\n\t\t\t\t\t<\/a>\n\n\t\t\t\t\t\t\t\t\t<a href=\"https:\/\/jobimpact.ca\/en\/job-category\/management\/\" class=\"new-category-box\">\n\t\t\t\t\t\t<div class=\"category-box-icon\">\n\t\t\t\t\t\t\t\t\t\t\t\t\t\t\t\t\t<i class=\"fa fa-globe\"><\/i>\n\t\t\t\t\t\t\t\t\t\t\t\t\t\t\t<\/div>\n\t\t\t\t\t\t <div class=\"category-box-counter counter\">4<\/div>\t\t\t\t\t\t<div class=\"category-box-content\">\n\t\t\t\t\t\t\t<h3>Management<\/h3>\n\t\t\t\t\t\t<\/div>\n\t\t\t\t\t<\/a>\n\n\t\t\t\t\t\t\t\t\t<a href=\"https:\/\/jobimpact.ca\/en\/job-category\/other\/\" class=\"new-category-box\">\n\t\t\t\t\t\t<div class=\"category-box-icon\">\n\t\t\t\t\t\t\t\t\t\t\t\t\t\t\t\t\t<i class=\"fa fa-globe\"><\/i>\n\t\t\t\t\t\t\t\t\t\t\t\t\t\t\t<\/div>\n\t\t\t\t\t\t <div class=\"category-box-counter counter\">20<\/div>\t\t\t\t\t\t<div class=\"category-box-content\">\n\t\t\t\t\t\t\t<h3>Other<\/h3>\n\t\t\t\t\t\t<\/div>\n\t\t\t\t\t<\/a>\n\n\t\t\t\t\t\t\t\t\t<a href=\"https:\/\/jobimpact.ca\/en\/job-category\/research-development\/\" class=\"new-category-box\">\n\t\t\t\t\t\t<div class=\"category-box-icon\">\n\t\t\t\t\t\t\t\t\t\t\t\t\t\t\t\t\t<i class=\"fa fa-globe\"><\/i>\n\t\t\t\t\t\t\t\t\t\t\t\t\t\t\t<\/div>\n\t\t\t\t\t\t <div class=\"category-box-counter counter\">4<\/div>\t\t\t\t\t\t<div class=\"category-box-content\">\n\t\t\t\t\t\t\t<h3>Research and Development<\/h3>\n\t\t\t\t\t\t<\/div>\n\t\t\t\t\t<\/a>\n\n\t\t\t\t\t\t\t\t\t<a href=\"https:\/\/jobimpact.ca\/en\/job-category\/sale\/\" class=\"new-category-box\">\n\t\t\t\t\t\t<div class=\"category-box-icon\">\n\t\t\t\t\t\t\t\t\t\t\t\t\t\t\t\t\t<i class=\"fa fa-globe\"><\/i>\n\t\t\t\t\t\t\t\t\t\t\t\t\t\t\t<\/div>\n\t\t\t\t\t\t <div class=\"category-box-counter counter\">1<\/div>\t\t\t\t\t\t<div class=\"category-box-content\">\n\t\t\t\t\t\t\t<h3>Sales<\/h3>\n\t\t\t\t\t\t<\/div>\n\t\t\t\t\t<\/a>\n\n\t\t\t\t\t\t\t\t\t<a href=\"https:\/\/jobimpact.ca\/en\/job-category\/tourism-hotel\/\" class=\"new-category-box\">\n\t\t\t\t\t\t<div class=\"category-box-icon\">\n\t\t\t\t\t\t\t\t\t\t\t\t\t\t\t\t\t<i class=\"fa fa-globe\"><\/i>\n\t\t\t\t\t\t\t\t\t\t\t\t\t\t\t<\/div>\n\t\t\t\t\t\t <div class=\"category-box-counter counter\">0<\/div>\t\t\t\t\t\t<div class=\"category-box-content\">\n\t\t\t\t\t\t\t<h3>Tourism and Hospitality<\/h3>\n\t\t\t\t\t\t<\/div>\n\t\t\t\t\t<\/a>\n\n\t\t\t\t\t\t\t<\/div>\n\t\t\t\t\t\t\t<\/div>\n\t\t\t\t<\/div>\n\t\t\t\t\t<\/div>\n\t\t\t\t<\/div>\n\t\t\t\t<\/div>\n\t\t","protected":false},"excerpt":{"rendered":"<p>8 Administration et gestion 0 Agriculture 1 Art et culture 14 Autre 27 Communautaire et services sociaux 5 Communication 0 Droit 39 \u00c9ducation 0 Ing\u00e9nierie 1 Recherche et d\u00e9veloppement 8&#8230;<\/p>\n","protected":false},"author":709,"featured_media":0,"parent":0,"menu_order":0,"comment_status":"closed","ping_status":"closed","template":"elementor_theme","meta":{"_seopress_robots_primary_cat":"","_seopress_titles_title":"","_seopress_titles_desc":"","_seopress_robots_index":"","footnotes":""},"class_list":["post-7574","page","type-page","status-publish","hentry"],"_links":{"self":[{"href":"https:\/\/jobimpact.ca\/en\/wp-json\/wp\/v2\/pages\/7574","targetHints":{"allow":["GET"]}}],"collection":[{"href":"https:\/\/jobimpact.ca\/en\/wp-json\/wp\/v2\/pages"}],"about":[{"href":"https:\/\/jobimpact.ca\/en\/wp-json\/wp\/v2\/types\/page"}],"author":[{"embeddable":true,"href":"https:\/\/jobimpact.ca\/en\/wp-json\/wp\/v2\/users\/709"}],"replies":[{"embeddable":true,"href":"https:\/\/jobimpact.ca\/en\/wp-json\/wp\/v2\/comments?post=7574"}],"version-history":[{"count":1,"href":"https:\/\/jobimpact.ca\/en\/wp-json\/wp\/v2\/pages\/7574\/revisions"}],"predecessor-version":[{"id":7575,"href":"https:\/\/jobimpact.ca\/en\/wp-json\/wp\/v2\/pages\/7574\/revisions\/7575"}],"wp:attachment":[{"href":"https:\/\/jobimpact.ca\/en\/wp-json\/wp\/v2\/media?parent=7574"}],"curies":[{"name":"wp","href":"https:\/\/api.w.org\/{rel}","templated":true}]}}